{"id":1080,"date":"2025-09-23T09:48:46","date_gmt":"2025-09-23T09:48:46","guid":{"rendered":"https:\/\/corporateart.hu\/?page_id=1080"},"modified":"2025-09-23T09:59:59","modified_gmt":"2025-09-23T09:59:59","slug":"programok","status":"publish","type":"page","link":"https:\/\/corporateart.hu\/en\/programok\/","title":{"rendered":"Programs"},"content":{"rendered":"<div data-elementor-type=\"wp-page\" data-elementor-id=\"1080\" class=\"elementor elementor-1080\">\n\t\t\t\t\t\t<section class=\"elementor-section elementor-top-section elementor-element elementor-element-dccb43f elementor-section-boxed elementor-section-height-default elementor-section-height-default wpr-particle-no wpr-jarallax-no wpr-parallax-no wpr-sticky-section-no\" data-id=\"dccb43f\" data-element_type=\"section\">\n\t\t\t\t\t\t<div class=\"elementor-container elementor-column-gap-default\">\n\t\t\t\t\t<div class=\"elementor-column elementor-col-50 elementor-top-column elementor-element elementor-element-1a9ef53\" data-id=\"1a9ef53\" data-element_type=\"column\">\n\t\t\t<div class=\"elementor-widget-wrap elementor-element-populated\">\n\t\t\t\t\t\t<div class=\"elementor-element elementor-element-2a0e0fd elementor-widget elementor-widget-heading\" data-id=\"2a0e0fd\" data-element_type=\"widget\" data-widget_type=\"heading.default\">\n\t\t\t\t\t<h2 class=\"elementor-heading-title elementor-size-default\">Programs<\/h2>\t\t\t\t<\/div>\n\t\t\t\t<div class=\"elementor-element elementor-element-d72907c elementor-widget-divider--view-line elementor-widget elementor-widget-divider\" data-id=\"d72907c\" data-element_type=\"widget\" data-widget_type=\"divider.default\">\n\t\t\t\t\t\t\t<div class=\"elementor-divider\">\n\t\t\t<span class=\"elementor-divider-separator\">\n\t\t\t\t\t\t<\/span>\n\t\t<\/div>\n\t\t\t\t\t\t<\/div>\n\t\t\t\t\t<\/div>\n\t\t<\/div>\n\t\t\t\t<div class=\"elementor-column elementor-col-50 elementor-top-column elementor-element elementor-element-a6cc5ec\" data-id=\"a6cc5ec\" data-element_type=\"column\">\n\t\t\t<div class=\"elementor-widget-wrap elementor-element-populated\">\n\t\t\t\t\t\t<div class=\"elementor-element elementor-element-33c217b animated-slow elementor-invisible elementor-widget elementor-widget-image\" data-id=\"33c217b\" data-element_type=\"widget\" data-settings=\"{&quot;_animation&quot;:&quot;slideInRight&quot;,&quot;_animation_delay&quot;:0}\" data-widget_type=\"image.default\">\n\t\t\t\t\t\t\t\t\t\t\t\t\t\t\t<img fetchpriority=\"high\" decoding=\"async\" width=\"960\" height=\"640\" src=\"https:\/\/corporateart.hu\/wp-content\/uploads\/2025\/09\/Programok-1024x683.jpg\" class=\"attachment-large size-large wp-image-1085\" alt=\"\" srcset=\"https:\/\/corporateart.hu\/wp-content\/uploads\/2025\/09\/Programok-1024x683.jpg 1024w, https:\/\/corporateart.hu\/wp-content\/uploads\/2025\/09\/Programok-300x200.jpg 300w, https:\/\/corporateart.hu\/wp-content\/uploads\/2025\/09\/Programok-768x512.jpg 768w, https:\/\/corporateart.hu\/wp-content\/uploads\/2025\/09\/Programok.jpg 1200w\" sizes=\"(max-width: 960px) 100vw, 960px\" \/>\t\t\t\t\t\t\t\t\t\t\t\t\t\t\t<\/div>\n\t\t\t\t\t<\/div>\n\t\t<\/div>\n\t\t\t\t\t<\/div>\n\t\t<\/section>\n\t\t\t\t<section class=\"elementor-section elementor-top-section elementor-element elementor-element-836ba1f elementor-section-boxed elementor-section-height-default elementor-section-height-default wpr-particle-no wpr-jarallax-no wpr-parallax-no wpr-sticky-section-no\" data-id=\"836ba1f\" data-element_type=\"section\">\n\t\t\t\t\t\t<div class=\"elementor-container elementor-column-gap-default\">\n\t\t\t\t\t<div class=\"elementor-column elementor-col-100 elementor-top-column elementor-element elementor-element-f078cb1\" data-id=\"f078cb1\" data-element_type=\"column\">\n\t\t\t<div class=\"elementor-widget-wrap elementor-element-populated\">\n\t\t\t\t\t\t<div class=\"elementor-element elementor-element-f1e4c44 animated-slow elementor-invisible elementor-widget elementor-widget-text-editor\" data-id=\"f1e4c44\" data-element_type=\"widget\" data-settings=\"{&quot;_animation&quot;:&quot;fadeInLeft&quot;,&quot;_animation_delay&quot;:0}\" data-widget_type=\"text-editor.default\">\n\t\t\t\t\t\t\t\t\t<p><strong>The following programs are offered to delegates of the affiliated members in 2026.<\/strong><\/p>\t\t\t\t\t\t\t\t<\/div>\n\t\t\t\t<div class=\"elementor-element elementor-element-1a95f0d animated-slow wpr-feature-list-left wpr-feature-list-square wpr-feature-list-line-yes elementor-invisible elementor-widget elementor-widget-wpr-feature-list\" data-id=\"1a95f0d\" data-element_type=\"widget\" data-settings=\"{&quot;_animation&quot;:&quot;fadeInLeft&quot;}\" data-widget_type=\"wpr-feature-list.default\">\n\t\t\t\t\t<div class=\"wpr-feature-list-wrap\"><ul class=\"wpr-feature-list\"><li class=\"wpr-feature-list-item elementor-repeater-item-2cbfb70\"><div class=\"wpr-feature-list-icon-wrap\"><span class=\"wpr-feature-list-line\"><\/span><div class=\"wpr-feature-list-icon-inner-wrap\"><svg aria-hidden=\"true\" class=\"e-font-icon-svg e-fab-connectdevelop\" viewbox=\"0 0 576 512\" xmlns=\"http:\/\/www.w3.org\/2000\/svg\"><path d=\"M550.5 241l-50.089-86.786c1.071-2.142 1.875-4.553 1.875-7.232 0-8.036-6.696-14.733-14.732-15.001l-55.447-95.893c.536-1.607 1.071-3.214 1.071-4.821 0-8.571-6.964-15.268-15.268-15.268-4.821 0-8.839 2.143-11.786 5.625H299.518C296.839 18.143 292.821 16 288 16s-8.839 2.143-11.518 5.625H170.411C167.464 18.143 163.447 16 158.625 16c-8.303 0-15.268 6.696-15.268 15.268 0 1.607.536 3.482 1.072 4.821l-55.983 97.233c-5.356 2.41-9.107 7.5-9.107 13.661 0 .535.268 1.071.268 1.607l-53.304 92.143c-7.232 1.339-12.59 7.5-12.59 15 0 7.232 5.089 13.393 12.054 15l55.179 95.358c-.536 1.607-.804 2.946-.804 4.821 0 7.232 5.089 13.393 12.054 14.732l51.697 89.732c-.536 1.607-1.071 3.482-1.071 5.357 0 8.571 6.964 15.268 15.268 15.268 4.821 0 8.839-2.143 11.518-5.357h106.875C279.161 493.857 283.447 496 288 496s8.839-2.143 11.518-5.357h107.143c2.678 2.946 6.696 4.821 10.982 4.821 8.571 0 15.268-6.964 15.268-15.268 0-1.607-.267-2.946-.803-4.285l51.697-90.268c6.964-1.339 12.054-7.5 12.054-14.732 0-1.607-.268-3.214-.804-4.821l54.911-95.358c6.964-1.339 12.322-7.5 12.322-15-.002-7.232-5.092-13.393-11.788-14.732zM153.535 450.732l-43.66-75.803h43.66v75.803zm0-83.839h-43.66c-.268-1.071-.804-2.142-1.339-3.214l44.999-47.41v50.624zm0-62.411l-50.357 53.304c-1.339-.536-2.679-1.34-4.018-1.607L43.447 259.75c.535-1.339.535-2.679.535-4.018s0-2.41-.268-3.482l51.965-90c2.679-.268 5.357-1.072 7.768-2.679l50.089 51.965v92.946zm0-102.322l-45.803-47.41c1.339-2.143 2.143-4.821 2.143-7.767 0-.268-.268-.804-.268-1.072l43.928-15.804v72.053zm0-80.625l-43.66 15.804 43.66-75.536v59.732zm326.519 39.108l.804 1.339L445.5 329.125l-63.75-67.232 98.036-101.518.268.268zM291.75 355.107l11.518 11.786H280.5l11.25-11.786zm-.268-11.25l-83.303-85.446 79.553-84.375 83.036 87.589-79.286 82.232zm5.357 5.893l79.286-82.232 67.5 71.25-5.892 28.125H313.714l-16.875-17.143zM410.411 44.393c1.071.536 2.142 1.072 3.482 1.34l57.857 100.714v.536c0 2.946.803 5.624 2.143 7.767L376.393 256l-83.035-87.589L410.411 44.393zm-9.107-2.143L287.732 162.518l-57.054-60.268 166.339-60h4.287zm-123.483 0c2.678 2.678 6.16 4.285 10.179 4.285s7.5-1.607 10.179-4.285h75L224.786 95.821 173.893 42.25h103.928zm-116.249 5.625l1.071-2.142a33.834 33.834 0 0 0 2.679-.804l51.161 53.84-54.911 19.821V47.875zm0 79.286l60.803-21.964 59.732 63.214-79.553 84.107-40.982-42.053v-83.304zm0 92.678L198 257.607l-36.428 38.304v-76.072zm0 87.858l42.053-44.464 82.768 85.982-17.143 17.678H161.572v-59.196zm6.964 162.053c-1.607-1.607-3.482-2.678-5.893-3.482l-1.071-1.607v-89.732h99.91l-91.607 94.821h-1.339zm129.911 0c-2.679-2.41-6.428-4.285-10.447-4.285s-7.767 1.875-10.447 4.285h-96.429l91.607-94.821h38.304l91.607 94.821H298.447zm120-11.786l-4.286 7.5c-1.339.268-2.41.803-3.482 1.339l-89.196-91.875h114.376l-17.412 83.036zm12.856-22.232l12.858-60.803h21.964l-34.822 60.803zm34.822-68.839h-20.357l4.553-21.16 17.143 18.214c-.535.803-1.071 1.874-1.339 2.946zm66.161-107.411l-55.447 96.697c-1.339.535-2.679 1.071-4.018 1.874l-20.625-21.964 34.554-163.928 45.803 79.286c-.267 1.339-.803 2.678-.803 4.285 0 1.339.268 2.411.536 3.75z\"><\/path><\/svg><\/div><\/div><div class=\"wpr-feature-list-content-wrap\"><h2 class=\"wpr-feature-list-title\"><a class=\"wpr-feature-list-url\" target=\"_blank\" rel=\"nofollow\">1.\tGetting to know the collections of the affiliated members<\/a><\/h2><p class=\"wpr-feature-list-description\"><\/p><\/div><\/li><li class=\"wpr-feature-list-item elementor-repeater-item-8418e5e\"><div class=\"wpr-feature-list-icon-wrap\"><span class=\"wpr-feature-list-line\"><\/span><div class=\"wpr-feature-list-icon-inner-wrap\"><svg aria-hidden=\"true\" class=\"e-font-icon-svg e-far-question-circle\" viewbox=\"0 0 512 512\" xmlns=\"http:\/\/www.w3.org\/2000\/svg\"><path d=\"M256 8C119.043 8 8 119.083 8 256c0 136.997 111.043 248 248 248s248-111.003 248-248C504 119.083 392.957 8 256 8zm0 448c-110.532 0-200-89.431-200-200 0-110.495 89.472-200 200-200 110.491 0 200 89.471 200 200 0 110.53-89.431 200-200 200zm107.244-255.2c0 67.052-72.421 68.084-72.421 92.863V300c0 6.627-5.373 12-12 12h-45.647c-6.627 0-12-5.373-12-12v-8.659c0-35.745 27.1-50.034 47.579-61.516 17.561-9.845 28.324-16.541 28.324-29.579 0-17.246-21.999-28.693-39.784-28.693-23.189 0-33.894 10.977-48.942 29.969-4.057 5.12-11.46 6.071-16.666 2.124l-27.824-21.098c-5.107-3.872-6.251-11.066-2.644-16.363C184.846 131.491 214.94 112 261.794 112c49.071 0 101.45 38.304 101.45 88.8zM298 368c0 23.159-18.841 42-42 42s-42-18.841-42-42 18.841-42 42-42 42 18.841 42 42z\"><\/path><\/svg><\/div><\/div><div class=\"wpr-feature-list-content-wrap\"><h2 class=\"wpr-feature-list-title\"><a class=\"wpr-feature-list-url\" target=\"_blank\" rel=\"nofollow\">2.\tJoint workshop: How to use my collection in the 21st century?<\/a><\/h2><p class=\"wpr-feature-list-description\"><\/p><\/div><\/li><li class=\"wpr-feature-list-item elementor-repeater-item-cc9037d\"><div class=\"wpr-feature-list-icon-wrap\"><span class=\"wpr-feature-list-line\"><\/span><div class=\"wpr-feature-list-icon-inner-wrap\"><svg aria-hidden=\"true\" class=\"e-font-icon-svg e-fas-hands\" viewbox=\"0 0 640 512\" xmlns=\"http:\/\/www.w3.org\/2000\/svg\"><path d=\"M204.8 230.4c-10.6-14.1-30.7-17-44.8-6.4-14.1 10.6-17 30.7-6.4 44.8l38.1 50.8c4.8 6.4 4.1 15.3-1.5 20.9l-12.8 12.8c-6.7 6.7-17.6 6.2-23.6-1.1L64 244.4V96c0-17.7-14.3-32-32-32S0 78.3 0 96v218.4c0 10.9 3.7 21.5 10.5 30l104.1 134.3c5 6.5 8.4 13.9 10.4 21.7 1.8 6.9 8.1 11.6 15.3 11.6H272c8.8 0 16-7.2 16-16V384c0-27.7-9-54.6-25.6-76.8l-57.6-76.8zM608 64c-17.7 0-32 14.3-32 32v148.4l-89.8 107.8c-6 7.2-17 7.7-23.6 1.1l-12.8-12.8c-5.6-5.6-6.3-14.5-1.5-20.9l38.1-50.8c10.6-14.1 7.7-34.2-6.4-44.8-14.1-10.6-34.2-7.7-44.8 6.4l-57.6 76.8C361 329.4 352 356.3 352 384v112c0 8.8 7.2 16 16 16h131.7c7.1 0 13.5-4.7 15.3-11.6 2-7.8 5.4-15.2 10.4-21.7l104.1-134.3c6.8-8.5 10.5-19.1 10.5-30V96c0-17.7-14.3-32-32-32z\"><\/path><\/svg><\/div><\/div><div class=\"wpr-feature-list-content-wrap\"><h2 class=\"wpr-feature-list-title\"><a class=\"wpr-feature-list-url\" target=\"_blank\" rel=\"nofollow\">3.\tExpert consultations<\/a><\/h2><p class=\"wpr-feature-list-description\"><\/p><\/div><\/li><li class=\"wpr-feature-list-item elementor-repeater-item-5c4957d\"><div class=\"wpr-feature-list-icon-wrap\"><span class=\"wpr-feature-list-line\"><\/span><div class=\"wpr-feature-list-icon-inner-wrap\"><svg aria-hidden=\"true\" class=\"e-font-icon-svg e-far-calendar-alt\" viewbox=\"0 0 448 512\" xmlns=\"http:\/\/www.w3.org\/2000\/svg\"><path d=\"M148 288h-40c-6.6 0-12-5.4-12-12v-40c0-6.6 5.4-12 12-12h40c6.6 0 12 5.4 12 12v40c0 6.6-5.4 12-12 12zm108-12v-40c0-6.6-5.4-12-12-12h-40c-6.6 0-12 5.4-12 12v40c0 6.6 5.4 12 12 12h40c6.6 0 12-5.4 12-12zm96 0v-40c0-6.6-5.4-12-12-12h-40c-6.6 0-12 5.4-12 12v40c0 6.6 5.4 12 12 12h40c6.6 0 12-5.4 12-12zm-96 96v-40c0-6.6-5.4-12-12-12h-40c-6.6 0-12 5.4-12 12v40c0 6.6 5.4 12 12 12h40c6.6 0 12-5.4 12-12zm-96 0v-40c0-6.6-5.4-12-12-12h-40c-6.6 0-12 5.4-12 12v40c0 6.6 5.4 12 12 12h40c6.6 0 12-5.4 12-12zm192 0v-40c0-6.6-5.4-12-12-12h-40c-6.6 0-12 5.4-12 12v40c0 6.6 5.4 12 12 12h40c6.6 0 12-5.4 12-12zm96-260v352c0 26.5-21.5 48-48 48H48c-26.5 0-48-21.5-48-48V112c0-26.5 21.5-48 48-48h48V12c0-6.6 5.4-12 12-12h40c6.6 0 12 5.4 12 12v52h128V12c0-6.6 5.4-12 12-12h40c6.6 0 12 5.4 12 12v52h48c26.5 0 48 21.5 48 48zm-48 346V160H48v298c0 3.3 2.7 6 6 6h340c3.3 0 6-2.7 6-6z\"><\/path><\/svg><\/div><\/div><div class=\"wpr-feature-list-content-wrap\"><h2 class=\"wpr-feature-list-title\"><a class=\"wpr-feature-list-url\" target=\"_blank\" rel=\"nofollow\">4.\tInternational Corporate Collections Conference in May 2026<\/a><\/h2><p class=\"wpr-feature-list-description\"><\/p><\/div><\/li><li class=\"wpr-feature-list-item elementor-repeater-item-3d4b3a5\"><div class=\"wpr-feature-list-icon-wrap\"><span class=\"wpr-feature-list-line\"><\/span><div class=\"wpr-feature-list-icon-inner-wrap\"><svg aria-hidden=\"true\" class=\"e-font-icon-svg e-far-check-circle\" viewbox=\"0 0 512 512\" xmlns=\"http:\/\/www.w3.org\/2000\/svg\"><path d=\"M256 8C119.033 8 8 119.033 8 256s111.033 248 248 248 248-111.033 248-248S392.967 8 256 8zm0 48c110.532 0 200 89.451 200 200 0 110.532-89.451 200-200 200-110.532 0-200-89.451-200-200 0-110.532 89.451-200 200-200m140.204 130.267l-22.536-22.718c-4.667-4.705-12.265-4.736-16.97-.068L215.346 303.697l-59.792-60.277c-4.667-4.705-12.265-4.736-16.97-.069l-22.719 22.536c-4.705 4.667-4.736 12.265-.068 16.971l90.781 91.516c4.667 4.705 12.265 4.736 16.97.068l172.589-171.204c4.704-4.668 4.734-12.266.067-16.971z\"><\/path><\/svg><\/div><\/div><div class=\"wpr-feature-list-content-wrap\"><h2 class=\"wpr-feature-list-title\"><a class=\"wpr-feature-list-url\" target=\"_blank\" rel=\"nofollow\">5.\tGetting to know the Budapest exhibition of the International Corporate Collection<\/a><\/h2><p class=\"wpr-feature-list-description\"><\/p><\/div><\/li><\/ul><\/div>\t\t\t\t<\/div>\n\t\t\t\t\t<\/div>\n\t\t<\/div>\n\t\t\t\t\t<\/div>\n\t\t<\/section>\n\t\t\t\t<\/div>","protected":false},"excerpt":{"rendered":"<p>Programok A csatlakozott tagok deleg\u00e1lt k\u00e9pvisel\u0151i sz\u00e1m\u00e1ra 2026-ban a k\u00f6vetkez\u0151 programokat aj\u00e1nljuk: 1. A csatlakozott tagok gy\u0171jtem\u00e9nyeinek megismer\u00e9se 2. K\u00f6z\u00f6s workshop: Hogyan haszn\u00e1ljam a gy\u0171jtem\u00e9nyem a 21. sz\u00e1zadban? 3. Szak\u00e9rt\u0151i tan\u00e1csad\u00e1sok 4. Nemzetk\u00f6zi v\u00e1llalati gy\u0171jtem\u00e9nyek konferencia 2026 m\u00e1jus\u00e1ban 5. Nemzetk\u00f6zi v\u00e1llalati gy\u0171jtem\u00e9ny budapesti ki\u00e1ll\u00edt\u00e1s\u00e1nak megismer\u00e9se<\/p>","protected":false},"author":1,"featured_media":0,"parent":0,"menu_order":0,"comment_status":"closed","ping_status":"closed","template":"elementor_canvas","meta":{"footnotes":""},"class_list":["post-1080","page","type-page","status-publish","hentry"],"acf":[],"_links":{"self":[{"href":"https:\/\/corporateart.hu\/en\/wp-json\/wp\/v2\/pages\/1080","targetHints":{"allow":["GET"]}}],"collection":[{"href":"https:\/\/corporateart.hu\/en\/wp-json\/wp\/v2\/pages"}],"about":[{"href":"https:\/\/corporateart.hu\/en\/wp-json\/wp\/v2\/types\/page"}],"author":[{"embeddable":true,"href":"https:\/\/corporateart.hu\/en\/wp-json\/wp\/v2\/users\/1"}],"replies":[{"embeddable":true,"href":"https:\/\/corporateart.hu\/en\/wp-json\/wp\/v2\/comments?post=1080"}],"version-history":[{"count":17,"href":"https:\/\/corporateart.hu\/en\/wp-json\/wp\/v2\/pages\/1080\/revisions"}],"predecessor-version":[{"id":1101,"href":"https:\/\/corporateart.hu\/en\/wp-json\/wp\/v2\/pages\/1080\/revisions\/1101"}],"wp:attachment":[{"href":"https:\/\/corporateart.hu\/en\/wp-json\/wp\/v2\/media?parent=1080"}],"curies":[{"name":"wp","href":"https:\/\/api.w.org\/{rel}","templated":true}]}}